{"id":30,"date":"2025-09-12T23:33:36","date_gmt":"2025-09-12T23:33:36","guid":{"rendered":"https:\/\/www.conforttotalbcn.com\/sobre\/"},"modified":"2025-09-16T01:13:33","modified_gmt":"2025-09-16T01:13:33","slug":"sobre","status":"publish","type":"page","link":"https:\/\/www.conforttotalbcn.com\/en\/sobre\/","title":{"rendered":"Sobre"},"content":{"rendered":"\n<div class=\"wp-block-group alignfull has-background-background-color has-background has-global-padding is-layout-constrained wp-container-core-group-is-layout-fb85e995 wp-block-group-is-layout-constrained\" id=\"acerca-de\" style=\"margin-top:0;margin-bottom:0;padding-top:var(--wp--preset--spacing--60);padding-right:var(--wp--preset--spacing--30);padding-bottom:var(--wp--preset--spacing--60);padding-left:var(--wp--preset--spacing--30)\">\n<h2 class=\"wp-block-heading has-text-align-center has-large-font-size\">Soluciones innovadoras en climatizaci\u00f3n para hogares y negocios<\/h2>\n\n\n\n<p class=\"has-text-align-center\" style=\"margin-top:16px\">En Confort Total BCN nos dedicamos a crear ambientes c\u00f3modos y saludables, bas\u00e1ndonos en la innovaci\u00f3n y el compromiso con nuestros clientes. Nuestra visi\u00f3n es ser referentes en Barcelona, ofreciendo servicios que combinan eficiencia y personalizaci\u00f3n para cada proyecto.<\/p>\n\n\n\n<figure class=\"wp-block-gallery alignwide has-nested-images columns-default is-cropped wp-block-gallery-1 is-layout-flex wp-block-gallery-is-layout-flex\">\n<figure class=\"wp-block-image size-large\"><img alt=\"\" loading=\"lazy\" decoding=\"async\" width=\"1024\" height=\"683\" data-id=\"58\" src=\"https:\/\/www.conforttotalbcn.com\/wp-content\/uploads\/2025\/09\/ChatGPT-Image-Sep-15-2025-12_14_15-AM-1024x683.jpg\" alt=\"\" class=\"wp-image-58\" srcset=\"https:\/\/www.conforttotalbcn.com\/wp-content\/uploads\/2025\/09\/ChatGPT-Image-Sep-15-2025-12_14_15-AM-1024x683.jpg 1024w, https:\/\/www.conforttotalbcn.com\/wp-content\/uploads\/2025\/09\/ChatGPT-Image-Sep-15-2025-12_14_15-AM-300x200.jpg 300w, https:\/\/www.conforttotalbcn.com\/wp-content\/uploads\/2025\/09\/ChatGPT-Image-Sep-15-2025-12_14_15-AM-768x512.jpg 768w, https:\/\/www.conforttotalbcn.com\/wp-content\/uploads\/2025\/09\/ChatGPT-Image-Sep-15-2025-12_14_15-AM.jpg 1536w\" sizes=\"auto, (max-width: 1024px) 100vw, 1024px\" \/><\/figure>\n<\/figure>\n<\/div>\n\n\n\n<div class=\"wp-block-group alignfull has-tertiary-background-color has-background has-global-padding is-layout-constrained wp-container-core-group-is-layout-7276a2bb wp-block-group-is-layout-constrained\" id=\"equipo\" style=\"margin-top:0;margin-bottom:0;padding-top:var(--wp--preset--spacing--60);padding-right:var(--wp--preset--spacing--30);padding-bottom:var(--wp--preset--spacing--60);padding-left:var(--wp--preset--spacing--30)\">\n<div class=\"wp-block-group alignwide is-vertical is-layout-flex wp-container-core-group-is-layout-fe9cc265 wp-block-group-is-layout-flex\">\n<div class=\"wp-block-group has-global-padding is-layout-constrained wp-block-group-is-layout-constrained\">\n<h2 class=\"wp-block-heading has-large-font-size\">Soluciones personalizadas para tu confort y climatizaci\u00f3n<\/h2>\n\n\n\n<p style=\"margin-top:16px\">Conoce al equipo experto que hace posible tu comodidad en Confort Total BCN.<\/p>\n<\/div>\n<\/div>\n<\/div>\n\n\n\n<div class=\"wp-block-group alignfull has-background-background-color has-background has-global-padding is-layout-constrained wp-block-group-is-layout-constrained\" id=\"contacto\" style=\"margin-top:0;margin-bottom:0;padding-top:var(--wp--preset--spacing--60);padding-bottom:var(--wp--preset--spacing--60)\">\n<div class=\"wp-block-columns alignwide is-layout-flex wp-container-core-columns-is-layout-08c01c1c wp-block-columns-is-layout-flex\">\n<div class=\"wp-block-column is-layout-flow wp-block-column-is-layout-flow\" style=\"flex-basis:40%\">\n<h2 class=\"wp-block-heading has-large-font-size\">Soluciones innovadoras en climatizaci\u00f3n para negocios<\/h2>\n\n\n\n<p style=\"margin-top:16px\">Aqu\u00ed encontrar\u00e1 todos los datos de contacto esenciales: ubicaciones en Barcelona, tel\u00e9fonos y correos electr\u00f3nicos, para que pueda conectar sin problemas con nuestro equipo y resolver sus dudas r\u00e1pidamente.<\/p>\n<\/div>\n\n\n\n<div class=\"wp-block-column is-layout-flow wp-block-column-is-layout-flow\">\n<div class=\"wp-block-group has-tertiary-background-color has-background has-global-padding is-layout-constrained wp-container-core-group-is-layout-52009084 wp-block-group-is-layout-constrained\" style=\"padding-top:var(--wp--preset--spacing--40);padding-right:var(--wp--preset--spacing--40);padding-bottom:var(--wp--preset--spacing--40);padding-left:var(--wp--preset--spacing--40)\"><style id=\"wpforms-css-vars-28-block-406c62bf-d413-4f54-9e34-6ea96a36e1dd\">\n\t\t\t\t#wpforms-28.wpforms-block-406c62bf-d413-4f54-9e34-6ea96a36e1dd {\n\t\t\t\t--wpforms-field-size-input-height: 43px;\n--wpforms-field-size-input-spacing: 15px;\n--wpforms-field-size-font-size: 16px;\n--wpforms-field-size-line-height: 19px;\n--wpforms-field-size-padding-h: 14px;\n--wpforms-field-size-checkbox-size: 16px;\n--wpforms-field-size-sublabel-spacing: 5px;\n--wpforms-field-size-icon-size: 1;\n--wpforms-label-size-font-size: 16px;\n--wpforms-label-size-line-height: 19px;\n--wpforms-label-size-sublabel-font-size: 14px;\n--wpforms-label-size-sublabel-line-height: 17px;\n--wpforms-button-size-font-size: 17px;\n--wpforms-button-size-height: 41px;\n--wpforms-button-size-padding-h: 15px;\n--wpforms-button-size-margin-top: 10px;\n\t\t\t}\n\t\t\t<\/style><div class=\"wpforms-container wpforms-container-full wpforms-block wpforms-block-406c62bf-d413-4f54-9e34-6ea96a36e1dd wpforms-render-modern\" id=\"wpforms-28\"><form id=\"wpforms-form-28\" class=\"wpforms-validate wpforms-form wpforms-ajax-form\" data-formid=\"28\" method=\"post\" enctype=\"multipart\/form-data\" action=\"\/en\/wp-json\/wp\/v2\/pages\/30\" data-token=\"0534dc41690b4189adb8bbe8055e8593\" data-token-time=\"1775245394\"><noscript class=\"wpforms-error-noscript\">Please enable JavaScript in your browser to complete this form.<\/noscript><div id=\"wpforms-error-noscript\" style=\"display: none;\">Please enable JavaScript in your browser to complete this form.<\/div><div class=\"wpforms-field-container\"><div id=\"wpforms-28-field_1-container\" class=\"wpforms-field wpforms-field-name\" data-field-id=\"1\"><label class=\"wpforms-field-label\" for=\"wpforms-28-field_1\">Nombre <span class=\"wpforms-required-label\" aria-hidden=\"true\">*<\/span><\/label><input type=\"text\" id=\"wpforms-28-field_1\" class=\"wpforms-field-large wpforms-field-required\" name=\"wpforms[fields][1]\" aria-errormessage=\"wpforms-28-field_1-error\" required><\/div><div id=\"wpforms-28-field_2-container\" class=\"wpforms-field wpforms-field-email\" data-field-id=\"2\"><label class=\"wpforms-field-label\" for=\"wpforms-28-field_2\">Correo electr\u00f3nico <span class=\"wpforms-required-label\" aria-hidden=\"true\">*<\/span><\/label><input type=\"email\" id=\"wpforms-28-field_2\" class=\"wpforms-field-large wpforms-field-required\" name=\"wpforms[fields][2]\" spellcheck=\"false\" aria-errormessage=\"wpforms-28-field_2-error\" required><\/div>\t\t<div id=\"wpforms-28-field_5-container\"\n\t\t\tclass=\"wpforms-field wpforms-field-text\"\n\t\t\tdata-field-type=\"text\"\n\t\t\tdata-field-id=\"5\"\n\t\t\t>\n\t\t\t<label class=\"wpforms-field-label\" for=\"wpforms-28-field_5\" >Correo electr\u00f3nico Asunto<\/label>\n\t\t\t<input type=\"text\" id=\"wpforms-28-field_5\" class=\"wpforms-field-medium\" name=\"wpforms[fields][5]\" >\n\t\t<\/div>\n\t\t<div id=\"wpforms-28-field_3-container\" class=\"wpforms-field wpforms-field-text\" data-field-id=\"3\"><label class=\"wpforms-field-label\" for=\"wpforms-28-field_3\">Asunto<\/label><input type=\"text\" id=\"wpforms-28-field_3\" class=\"wpforms-field-large\" name=\"wpforms[fields][3]\" aria-errormessage=\"wpforms-28-field_3-error\" ><\/div><div id=\"wpforms-28-field_4-container\" class=\"wpforms-field wpforms-field-textarea\" data-field-id=\"4\"><label class=\"wpforms-field-label\" for=\"wpforms-28-field_4\">Mensaje <span class=\"wpforms-required-label\" aria-hidden=\"true\">*<\/span><\/label><textarea id=\"wpforms-28-field_4\" class=\"wpforms-field-large wpforms-field-required\" name=\"wpforms[fields][4]\" aria-errormessage=\"wpforms-28-field_4-error\" required><\/textarea><\/div><script>\n\t\t\t\t( function() {\n\t\t\t\t\tconst style = document.createElement( 'style' );\n\t\t\t\t\tstyle.appendChild( document.createTextNode( '#wpforms-28-field_5-container { position: absolute !important; overflow: hidden !important; display: inline !important; height: 1px !important; width: 1px !important; z-index: -1000 !important; padding: 0 !important; } #wpforms-28-field_5-container input { visibility: hidden; } #wpforms-conversational-form-page #wpforms-28-field_5-container label { counter-increment: none; }' ) );\n\t\t\t\t\tdocument.head.appendChild( style );\n\t\t\t\t\tdocument.currentScript?.remove();\n\t\t\t\t} )();\n\t\t\t<\/script><\/div><!-- .wpforms-field-container --><div class=\"wpforms-submit-container\" ><input type=\"hidden\" name=\"wpforms[id]\" value=\"28\"><input type=\"hidden\" name=\"page_title\" value=\"\"><input type=\"hidden\" name=\"page_url\" value=\"https:\/\/www.conforttotalbcn.com\/en\/wp-json\/wp\/v2\/pages\/30\"><input type=\"hidden\" name=\"url_referer\" value=\"\"><button type=\"submit\" name=\"wpforms[submit]\" id=\"wpforms-submit-28\" class=\"wpforms-submit\" data-alt-text=\"Enviando...\" data-submit-text=\"Enviar\" aria-live=\"assertive\" value=\"wpforms-submit\">Enviar<\/button><img loading=\"lazy\" decoding=\"async\" src=\"https:\/\/www.conforttotalbcn.com\/wp-content\/plugins\/wpforms-lite\/assets\/images\/submit-spin.svg\" class=\"wpforms-submit-spinner\" style=\"display: none;\" width=\"26\" height=\"26\" alt=\"Loading\"><\/div><\/form><\/div>  <!-- .wpforms-container --><\/div>\n<\/div>\n<\/div>\n<\/div>\n","protected":false},"excerpt":{"rendered":"<p>Soluciones innovadoras en climatizaci\u00f3n para hogares y negocios En Confort Total BCN nos dedicamos a crear ambientes c\u00f3modos y saludables, bas\u00e1ndonos en la innovaci\u00f3n y el compromiso con nuestros clientes. Nuestra visi\u00f3n es ser referentes en Barcelona, ofreciendo servicios que combinan eficiencia y personalizaci\u00f3n para cada proyecto. Soluciones personalizadas para tu confort y climatizaci\u00f3n Conoce [&hellip;]<\/p>\n","protected":false},"author":1,"featured_media":0,"parent":0,"menu_order":0,"comment_status":"closed","ping_status":"closed","template":"page-with-title","meta":{"_seopress_robots_primary_cat":"","_seopress_titles_title":"","_seopress_titles_desc":"","_seopress_robots_index":"","footnotes":""},"class_list":["post-30","page","type-page","status-publish","hentry"],"aioseo_notices":[],"yoast_head":"<!-- This site is optimized with the Yoast SEO plugin v26.9 - https:\/\/yoast.com\/product\/yoast-seo-wordpress\/ -->\n<title>Sobre - Confort Total BCN<\/title>\n<meta name=\"robots\" content=\"index, follow, max-snippet:-1, max-image-preview:large, max-video-preview:-1\" \/>\n<link rel=\"canonical\" href=\"https:\/\/www.conforttotalbcn.com\/en\/sobre\/\" \/>\n<meta property=\"og:locale\" content=\"en_US\" \/>\n<meta property=\"og:locale:alternate\" content=\"es_ES\" \/>\n<meta property=\"og:type\" content=\"article\" \/>\n<meta property=\"og:title\" content=\"Sobre - Confort Total BCN\" \/>\n<meta property=\"og:description\" content=\"Soluciones innovadoras en climatizaci\u00f3n para hogares y negocios En Confort Total BCN nos dedicamos a crear ambientes c\u00f3modos y saludables, bas\u00e1ndonos en la innovaci\u00f3n y el compromiso con nuestros clientes. Nuestra visi\u00f3n es ser referentes en Barcelona, ofreciendo servicios que combinan eficiencia y personalizaci\u00f3n para cada proyecto. Soluciones personalizadas para tu confort y climatizaci\u00f3n Conoce [&hellip;]\" \/>\n<meta property=\"og:url\" content=\"https:\/\/www.conforttotalbcn.com\/en\/sobre\/\" \/>\n<meta property=\"og:site_name\" content=\"Confort Total BCN\" \/>\n<meta property=\"article:modified_time\" content=\"2025-09-16T01:13:33+00:00\" \/>\n<meta property=\"og:image\" content=\"https:\/\/www.conforttotalbcn.com\/wp-content\/uploads\/2025\/09\/ChatGPT-Image-Sep-15-2025-12_14_15-AM.jpg\" \/>\n\t<meta property=\"og:image:width\" content=\"1536\" \/>\n\t<meta property=\"og:image:height\" content=\"1024\" \/>\n\t<meta property=\"og:image:type\" content=\"image\/jpeg\" \/>\n<meta name=\"twitter:card\" content=\"summary_large_image\" \/>\n<meta name=\"twitter:label1\" content=\"Est. reading time\" \/>\n\t<meta name=\"twitter:data1\" content=\"1 minute\" \/>\n<script type=\"application\/ld+json\" class=\"yoast-schema-graph\">{\"@context\":\"https:\/\/schema.org\",\"@graph\":[{\"@type\":\"WebPage\",\"@id\":\"https:\/\/www.conforttotalbcn.com\/sobre\/\",\"url\":\"https:\/\/www.conforttotalbcn.com\/sobre\/\",\"name\":\"Sobre - Confort Total BCN\",\"isPartOf\":{\"@id\":\"https:\/\/www.conforttotalbcn.com\/#website\"},\"primaryImageOfPage\":{\"@id\":\"https:\/\/www.conforttotalbcn.com\/sobre\/#primaryimage\"},\"image\":{\"@id\":\"https:\/\/www.conforttotalbcn.com\/sobre\/#primaryimage\"},\"thumbnailUrl\":\"https:\/\/www.conforttotalbcn.com\/wp-content\/uploads\/2025\/09\/ChatGPT-Image-Sep-15-2025-12_14_15-AM-1024x683.jpg\",\"datePublished\":\"2025-09-12T23:33:36+00:00\",\"dateModified\":\"2025-09-16T01:13:33+00:00\",\"breadcrumb\":{\"@id\":\"https:\/\/www.conforttotalbcn.com\/sobre\/#breadcrumb\"},\"inLanguage\":\"en-US\",\"potentialAction\":[{\"@type\":\"ReadAction\",\"target\":[\"https:\/\/www.conforttotalbcn.com\/sobre\/\"]}]},{\"@type\":\"ImageObject\",\"inLanguage\":\"en-US\",\"@id\":\"https:\/\/www.conforttotalbcn.com\/sobre\/#primaryimage\",\"url\":\"https:\/\/www.conforttotalbcn.com\/wp-content\/uploads\/2025\/09\/ChatGPT-Image-Sep-15-2025-12_14_15-AM-1024x683.jpg\",\"contentUrl\":\"https:\/\/www.conforttotalbcn.com\/wp-content\/uploads\/2025\/09\/ChatGPT-Image-Sep-15-2025-12_14_15-AM-1024x683.jpg\"},{\"@type\":\"BreadcrumbList\",\"@id\":\"https:\/\/www.conforttotalbcn.com\/sobre\/#breadcrumb\",\"itemListElement\":[{\"@type\":\"ListItem\",\"position\":1,\"name\":\"Portada\",\"item\":\"https:\/\/www.conforttotalbcn.com\/\"},{\"@type\":\"ListItem\",\"position\":2,\"name\":\"Sobre\"}]},{\"@type\":\"WebSite\",\"@id\":\"https:\/\/www.conforttotalbcn.com\/#website\",\"url\":\"https:\/\/www.conforttotalbcn.com\/\",\"name\":\"https:\/\/www.conforttotalbcn.com\/\",\"description\":\"Instalaci\u00f3n de aire acondicionados\",\"publisher\":{\"@id\":\"https:\/\/www.conforttotalbcn.com\/#organization\"},\"potentialAction\":[{\"@type\":\"SearchAction\",\"target\":{\"@type\":\"EntryPoint\",\"urlTemplate\":\"https:\/\/www.conforttotalbcn.com\/?s={search_term_string}\"},\"query-input\":{\"@type\":\"PropertyValueSpecification\",\"valueRequired\":true,\"valueName\":\"search_term_string\"}}],\"inLanguage\":\"en-US\"},{\"@type\":\"Organization\",\"@id\":\"https:\/\/www.conforttotalbcn.com\/#organization\",\"name\":\"Confort Total BCN\",\"url\":\"https:\/\/www.conforttotalbcn.com\/\",\"logo\":{\"@type\":\"ImageObject\",\"inLanguage\":\"en-US\",\"@id\":\"https:\/\/www.conforttotalbcn.com\/#\/schema\/logo\/image\/\",\"url\":\"https:\/\/www.conforttotalbcn.com\/wp-content\/uploads\/2025\/09\/ext-custom-logo-1757719960062.webp\",\"contentUrl\":\"https:\/\/www.conforttotalbcn.com\/wp-content\/uploads\/2025\/09\/ext-custom-logo-1757719960062.webp\",\"width\":256,\"height\":256,\"caption\":\"Confort Total BCN\"},\"image\":{\"@id\":\"https:\/\/www.conforttotalbcn.com\/#\/schema\/logo\/image\/\"}}]}<\/script>\n<!-- \/ Yoast SEO plugin. -->","yoast_head_json":{"title":"Sobre - Confort Total BCN","robots":{"index":"index","follow":"follow","max-snippet":"max-snippet:-1","max-image-preview":"max-image-preview:large","max-video-preview":"max-video-preview:-1"},"canonical":"https:\/\/www.conforttotalbcn.com\/en\/sobre\/","og_locale":"en_US","og_type":"article","og_title":"Sobre - Confort Total BCN","og_description":"Soluciones innovadoras en climatizaci\u00f3n para hogares y negocios En Confort Total BCN nos dedicamos a crear ambientes c\u00f3modos y saludables, bas\u00e1ndonos en la innovaci\u00f3n y el compromiso con nuestros clientes. Nuestra visi\u00f3n es ser referentes en Barcelona, ofreciendo servicios que combinan eficiencia y personalizaci\u00f3n para cada proyecto. Soluciones personalizadas para tu confort y climatizaci\u00f3n Conoce [&hellip;]","og_url":"https:\/\/www.conforttotalbcn.com\/en\/sobre\/","og_site_name":"Confort Total BCN","article_modified_time":"2025-09-16T01:13:33+00:00","og_image":[{"width":1536,"height":1024,"url":"https:\/\/www.conforttotalbcn.com\/wp-content\/uploads\/2025\/09\/ChatGPT-Image-Sep-15-2025-12_14_15-AM.jpg","type":"image\/jpeg"}],"twitter_card":"summary_large_image","twitter_misc":{"Est. reading time":"1 minute"},"schema":{"@context":"https:\/\/schema.org","@graph":[{"@type":"WebPage","@id":"https:\/\/www.conforttotalbcn.com\/sobre\/","url":"https:\/\/www.conforttotalbcn.com\/sobre\/","name":"Sobre - Confort Total BCN","isPartOf":{"@id":"https:\/\/www.conforttotalbcn.com\/#website"},"primaryImageOfPage":{"@id":"https:\/\/www.conforttotalbcn.com\/sobre\/#primaryimage"},"image":{"@id":"https:\/\/www.conforttotalbcn.com\/sobre\/#primaryimage"},"thumbnailUrl":"https:\/\/www.conforttotalbcn.com\/wp-content\/uploads\/2025\/09\/ChatGPT-Image-Sep-15-2025-12_14_15-AM-1024x683.jpg","datePublished":"2025-09-12T23:33:36+00:00","dateModified":"2025-09-16T01:13:33+00:00","breadcrumb":{"@id":"https:\/\/www.conforttotalbcn.com\/sobre\/#breadcrumb"},"inLanguage":"en-US","potentialAction":[{"@type":"ReadAction","target":["https:\/\/www.conforttotalbcn.com\/sobre\/"]}]},{"@type":"ImageObject","inLanguage":"en-US","@id":"https:\/\/www.conforttotalbcn.com\/sobre\/#primaryimage","url":"https:\/\/www.conforttotalbcn.com\/wp-content\/uploads\/2025\/09\/ChatGPT-Image-Sep-15-2025-12_14_15-AM-1024x683.jpg","contentUrl":"https:\/\/www.conforttotalbcn.com\/wp-content\/uploads\/2025\/09\/ChatGPT-Image-Sep-15-2025-12_14_15-AM-1024x683.jpg"},{"@type":"BreadcrumbList","@id":"https:\/\/www.conforttotalbcn.com\/sobre\/#breadcrumb","itemListElement":[{"@type":"ListItem","position":1,"name":"Portada","item":"https:\/\/www.conforttotalbcn.com\/"},{"@type":"ListItem","position":2,"name":"Sobre"}]},{"@type":"WebSite","@id":"https:\/\/www.conforttotalbcn.com\/#website","url":"https:\/\/www.conforttotalbcn.com\/","name":"https:\/\/www.conforttotalbcn.com\/","description":"Instalaci\u00f3n de aire acondicionados","publisher":{"@id":"https:\/\/www.conforttotalbcn.com\/#organization"},"potentialAction":[{"@type":"SearchAction","target":{"@type":"EntryPoint","urlTemplate":"https:\/\/www.conforttotalbcn.com\/?s={search_term_string}"},"query-input":{"@type":"PropertyValueSpecification","valueRequired":true,"valueName":"search_term_string"}}],"inLanguage":"en-US"},{"@type":"Organization","@id":"https:\/\/www.conforttotalbcn.com\/#organization","name":"Confort Total BCN","url":"https:\/\/www.conforttotalbcn.com\/","logo":{"@type":"ImageObject","inLanguage":"en-US","@id":"https:\/\/www.conforttotalbcn.com\/#\/schema\/logo\/image\/","url":"https:\/\/www.conforttotalbcn.com\/wp-content\/uploads\/2025\/09\/ext-custom-logo-1757719960062.webp","contentUrl":"https:\/\/www.conforttotalbcn.com\/wp-content\/uploads\/2025\/09\/ext-custom-logo-1757719960062.webp","width":256,"height":256,"caption":"Confort Total BCN"},"image":{"@id":"https:\/\/www.conforttotalbcn.com\/#\/schema\/logo\/image\/"}}]}},"_links":{"self":[{"href":"https:\/\/www.conforttotalbcn.com\/en\/wp-json\/wp\/v2\/pages\/30","targetHints":{"allow":["GET"]}}],"collection":[{"href":"https:\/\/www.conforttotalbcn.com\/en\/wp-json\/wp\/v2\/pages"}],"about":[{"href":"https:\/\/www.conforttotalbcn.com\/en\/wp-json\/wp\/v2\/types\/page"}],"author":[{"embeddable":true,"href":"https:\/\/www.conforttotalbcn.com\/en\/wp-json\/wp\/v2\/users\/1"}],"replies":[{"embeddable":true,"href":"https:\/\/www.conforttotalbcn.com\/en\/wp-json\/wp\/v2\/comments?post=30"}],"version-history":[{"count":2,"href":"https:\/\/www.conforttotalbcn.com\/en\/wp-json\/wp\/v2\/pages\/30\/revisions"}],"predecessor-version":[{"id":86,"href":"https:\/\/www.conforttotalbcn.com\/en\/wp-json\/wp\/v2\/pages\/30\/revisions\/86"}],"wp:attachment":[{"href":"https:\/\/www.conforttotalbcn.com\/en\/wp-json\/wp\/v2\/media?parent=30"}],"curies":[{"name":"wp","href":"https:\/\/api.w.org\/{rel}","templated":true}]}}